{"id":13,"date":"2024-03-07T02:51:26","date_gmt":"2024-03-07T02:51:26","guid":{"rendered":"https:\/\/konsaltenerji.com\/?page_id=13"},"modified":"2024-03-07T04:20:45","modified_gmt":"2024-03-07T04:20:45","slug":"hizmetlerimiz","status":"publish","type":"page","link":"https:\/\/konsaltenerji.com\/index.php\/hizmetlerimiz\/","title":{"rendered":"Hizmetlerimiz"},"content":{"rendered":"<style>\/*! elementor - v3.19.0 - 28-02-2024 *\/\n.elementor-heading-title{padding:0;margin:0;line-height:1}.elementor-widget-heading .elementor-heading-title[class*=elementor-size-]>a{color:inherit;font-size:inherit;line-height:inherit}.elementor-widget-heading .elementor-heading-title.elementor-size-small{font-size:15px}.elementor-widget-heading .elementor-heading-title.elementor-size-medium{font-size:19px}.elementor-widget-heading .elementor-heading-title.elementor-size-large{font-size:29px}.elementor-widget-heading .elementor-heading-title.elementor-size-xl{font-size:39px}.elementor-widget-heading .elementor-heading-title.elementor-size-xxl{font-size:59px}<\/style>\n<h2>AG &#8211; OG Taahh\u00fct<\/h2>\n<h4>Elektrik Proje Anahtar Teslim<\/h4>\n<style>\/*! elementor - v3.19.0 - 28-02-2024 *\/\n.elementor-widget-image{text-align:center}.elementor-widget-image a{display:inline-block}.elementor-widget-image a img[src$=\".svg\"]{width:48px}.elementor-widget-image img{vertical-align:middle;display:inline-block}<\/style>\n<p>\t\t\t\t\t\t\t\t\t\t<img loading=\"lazy\" decoding=\"async\" width=\"800\" height=\"450\" src=\"https:\/\/konsaltenerji.com\/wp-content\/uploads\/2024\/03\/pexels-mike-bird-210018-1024x576.jpg\" alt=\"\" srcset=\"https:\/\/konsaltenerji.com\/wp-content\/uploads\/2024\/03\/pexels-mike-bird-210018-1024x576.jpg 1024w, https:\/\/konsaltenerji.com\/wp-content\/uploads\/2024\/03\/pexels-mike-bird-210018-300x169.jpg 300w, https:\/\/konsaltenerji.com\/wp-content\/uploads\/2024\/03\/pexels-mike-bird-210018-768x432.jpg 768w, https:\/\/konsaltenerji.com\/wp-content\/uploads\/2024\/03\/pexels-mike-bird-210018-1536x864.jpg 1536w, https:\/\/konsaltenerji.com\/wp-content\/uploads\/2024\/03\/pexels-mike-bird-210018.jpg 1920w\" sizes=\"(max-width: 800px) 100vw, 800px\" \/>\t\t\t\t\t\t\t\t\t\t\t\t\t<\/p>\n<h2>G\u00fcne\u015f Enerji Sistemleri<\/h2>\n<h4>GES \u00dczerine Her \u015eey..<\/h4>\n<p>\t\t\t\t\t\t\t\t\t\t\t\t\t<img loading=\"lazy\" decoding=\"async\" width=\"800\" height=\"534\" src=\"https:\/\/konsaltenerji.com\/wp-content\/uploads\/2024\/03\/913976531b.jpg\" alt=\"\" srcset=\"https:\/\/konsaltenerji.com\/wp-content\/uploads\/2024\/03\/913976531b.jpg 1000w, https:\/\/konsaltenerji.com\/wp-content\/uploads\/2024\/03\/913976531b-300x200.jpg 300w, https:\/\/konsaltenerji.com\/wp-content\/uploads\/2024\/03\/913976531b-768x512.jpg 768w\" sizes=\"(max-width: 800px) 100vw, 800px\" \/>\t\t\t\t\t\t\t\t\t\t\t\t\t<\/p>\n<h2>\u015earj \u0130stasyonlar\u0131<\/h2>\n<h4>\u015earj \u0130stasyonlar\u0131 Kurulum<\/h4>\n<p>\t\t\t\t\t\t\t\t\t\t\t\t\t<img loading=\"lazy\" decoding=\"async\" width=\"298\" height=\"169\" src=\"https:\/\/konsaltenerji.com\/wp-content\/uploads\/2024\/03\/indir.jpg\" alt=\"\" \/>\t\t\t\t\t\t\t\t\t\t\t\t\t<\/p>\n<h2>Proje \u00c7izimi<\/h2>\n<h4>YG Proje \u00c7izimi<\/h4>\n<p>\t\t\t\t\t\t\t\t\t\t\t\t\t<img loading=\"lazy\" decoding=\"async\" width=\"800\" height=\"534\" src=\"https:\/\/konsaltenerji.com\/wp-content\/uploads\/2024\/03\/electric.webp\" alt=\"\" srcset=\"https:\/\/konsaltenerji.com\/wp-content\/uploads\/2024\/03\/electric.webp 1024w, https:\/\/konsaltenerji.com\/wp-content\/uploads\/2024\/03\/electric-300x200.webp 300w, https:\/\/konsaltenerji.com\/wp-content\/uploads\/2024\/03\/electric-768x512.webp 768w\" sizes=\"(max-width: 800px) 100vw, 800px\" \/>\t\t\t\t\t\t\t\t\t\t\t\t\t<\/p>\n<h2>Test ve \u00d6l\u00e7\u00fcm<\/h2>\n<h4>Elektrik \u00d6l\u00e7\u00fcmleri<\/h4>\n<p>\t\t\t\t\t\t\t\t\t\t\t\t\t<img loading=\"lazy\" decoding=\"async\" width=\"800\" height=\"534\" src=\"https:\/\/konsaltenerji.com\/wp-content\/uploads\/2024\/03\/pat.jpg\" alt=\"\" srcset=\"https:\/\/konsaltenerji.com\/wp-content\/uploads\/2024\/03\/pat.jpg 1000w, https:\/\/konsaltenerji.com\/wp-content\/uploads\/2024\/03\/pat-300x200.jpg 300w, https:\/\/konsaltenerji.com\/wp-content\/uploads\/2024\/03\/pat-768x512.jpg 768w\" sizes=\"(max-width: 800px) 100vw, 800px\" \/>\t\t\t\t\t\t\t\t\t\t\t\t\t<\/p>\n<h2>Y\u00fcksek Gerilim Hatt\u0131<\/h2>\n<h4>YG Trafo &#8211; Direk Hatlar\u0131<\/h4>\n<p>\t\t\t\t\t\t\t\t\t\t\t\t\t<img loading=\"lazy\" decoding=\"async\" width=\"800\" height=\"534\" src=\"https:\/\/konsaltenerji.com\/wp-content\/uploads\/2024\/03\/yg.jpg\" alt=\"\" srcset=\"https:\/\/konsaltenerji.com\/wp-content\/uploads\/2024\/03\/yg.jpg 1000w, https:\/\/konsaltenerji.com\/wp-content\/uploads\/2024\/03\/yg-300x200.jpg 300w, https:\/\/konsaltenerji.com\/wp-content\/uploads\/2024\/03\/yg-768x512.jpg 768w\" sizes=\"(max-width: 800px) 100vw, 800px\" \/><\/p>\n","protected":false},"excerpt":{"rendered":"<p>AG &#8211; OG Taahh\u00fct Elektrik Proje Anahtar Teslim G\u00fcne\u015f Enerji Sistemleri GES \u00dczerine Her \u015eey.. \u015earj \u0130stasyonlar\u0131 \u015earj \u0130stasyonlar\u0131 Kurulum Proje \u00c7izimi YG Proje \u00c7izimi Test ve \u00d6l\u00e7\u00fcm Elektrik \u00d6l\u00e7\u00fcmleri Y\u00fcksek Gerilim Hatt\u0131 YG Trafo &#8211; Direk Hatlar\u0131<\/p>\n","protected":false},"author":1,"featured_media":0,"parent":0,"menu_order":0,"comment_status":"closed","ping_status":"closed","template":"","meta":{"footnotes":""},"_links":{"self":[{"href":"https:\/\/konsaltenerji.com\/index.php\/wp-json\/wp\/v2\/pages\/13"}],"collection":[{"href":"https:\/\/konsaltenerji.com\/index.php\/wp-json\/wp\/v2\/pages"}],"about":[{"href":"https:\/\/konsaltenerji.com\/index.php\/wp-json\/wp\/v2\/types\/page"}],"author":[{"embeddable":true,"href":"https:\/\/konsaltenerji.com\/index.php\/wp-json\/wp\/v2\/users\/1"}],"replies":[{"embeddable":true,"href":"https:\/\/konsaltenerji.com\/index.php\/wp-json\/wp\/v2\/comments?post=13"}],"version-history":[{"count":4,"href":"https:\/\/konsaltenerji.com\/index.php\/wp-json\/wp\/v2\/pages\/13\/revisions"}],"predecessor-version":[{"id":192,"href":"https:\/\/konsaltenerji.com\/index.php\/wp-json\/wp\/v2\/pages\/13\/revisions\/192"}],"wp:attachment":[{"href":"https:\/\/konsaltenerji.com\/index.php\/wp-json\/wp\/v2\/media?parent=13"}],"curies":[{"name":"wp","href":"https:\/\/api.w.org\/{rel}","templated":true}]}}