{"id":328,"date":"2024-12-02T09:33:35","date_gmt":"2024-12-02T09:33:35","guid":{"rendered":"https:\/\/konsaltenerji.com\/?page_id=328"},"modified":"2024-12-02T10:38:33","modified_gmt":"2024-12-02T10:38:33","slug":"syntellect","status":"publish","type":"page","link":"https:\/\/konsaltenerji.com\/index.php\/syntellect\/","title":{"rendered":"Syntellect"},"content":{"rendered":"<style>\/*! elementor - v3.19.0 - 28-02-2024 *\/\n.elementor-widget-image-box .elementor-image-box-content{width:100%}@media (min-width:768px){.elementor-widget-image-box.elementor-position-left .elementor-image-box-wrapper,.elementor-widget-image-box.elementor-position-right .elementor-image-box-wrapper{display:flex}.elementor-widget-image-box.elementor-position-right .elementor-image-box-wrapper{text-align:right;flex-direction:row-reverse}.elementor-widget-image-box.elementor-position-left .elementor-image-box-wrapper{text-align:left;flex-direction:row}.elementor-widget-image-box.elementor-position-top .elementor-image-box-img{margin:auto}.elementor-widget-image-box.elementor-vertical-align-top .elementor-image-box-wrapper{align-items:flex-start}.elementor-widget-image-box.elementor-vertical-align-middle .elementor-image-box-wrapper{align-items:center}.elementor-widget-image-box.elementor-vertical-align-bottom .elementor-image-box-wrapper{align-items:flex-end}}@media (max-width:767px){.elementor-widget-image-box .elementor-image-box-img{margin-left:auto!important;margin-right:auto!important;margin-bottom:15px}}.elementor-widget-image-box .elementor-image-box-img{display:inline-block}.elementor-widget-image-box .elementor-image-box-title a{color:inherit}.elementor-widget-image-box .elementor-image-box-wrapper{text-align:center}.elementor-widget-image-box .elementor-image-box-description{margin:0}<\/style>\n<figure><img decoding=\"async\" src=\"https:\/\/konsaltenerji.com\/wp-content\/uploads\/2024\/12\/4-3.png\" title=\"\" alt=\"\" loading=\"lazy\" \/><\/figure>\n<h3>SYNTELLECT<\/h3>\n<p>ELEKTR\u0130KL\u0130 ARA\u00c7 \u015eARJ \u0130STASY0NLARI<\/p>\n<style>\/*! elementor - v3.19.0 - 28-02-2024 *\/\n.elementor-widget-image-carousel .swiper,.elementor-widget-image-carousel .swiper-container{position:static}.elementor-widget-image-carousel .swiper-container .swiper-slide figure,.elementor-widget-image-carousel .swiper .swiper-slide figure{line-height:inherit}.elementor-widget-image-carousel .swiper-slide{text-align:center}.elementor-image-carousel-wrapper:not(.swiper-container-initialized):not(.swiper-initialized) .swiper-slide{max-width:calc(100% \/ var(--e-image-carousel-slides-to-show, 3))}<\/style>\n<p>\t\t\t\t\t\t\t\t<a data-elementor-open-lightbox=\"yes\" data-elementor-lightbox-slideshow=\"e693335\" data-elementor-lightbox-title=\"Syntellect Elektrikli Ara\u00e7 \u015earj \u0130stasyonu\" data-e-action-hash=\"#elementor-action%3Aaction%3Dlightbox%26settings%3DeyJpZCI6NDA0LCJ1cmwiOiJodHRwczpcL1wva29uc2FsdGVuZXJqaS5jb21cL3dwLWNvbnRlbnRcL3VwbG9hZHNcLzIwMjRcLzEyXC9TeW50ZWxsZWN0LUVsZWt0cmlrbGktQXJhYy1TYXJqLUlzdGFzeW9udS0xLTEwLXNjYWxlZC5qcGciLCJzbGlkZXNob3ciOiJlNjkzMzM1In0%3D\" href=\"https:\/\/konsaltenerji.com\/wp-content\/uploads\/2024\/12\/Syntellect-Elektrikli-Arac-Sarj-Istasyonu-1-10-scaled.jpg\"><\/p>\n<figure><img decoding=\"async\" src=\"https:\/\/konsaltenerji.com\/wp-content\/uploads\/2024\/12\/Syntellect-Elektrikli-Arac-Sarj-Istasyonu-1-10-768x1365.jpg\" alt=\"Syntellect Elektrikli Ara\u00e7 \u015earj \u0130stasyonu\" \/><\/figure>\n<p><\/a><a data-elementor-open-lightbox=\"yes\" data-elementor-lightbox-slideshow=\"e693335\" data-elementor-lightbox-title=\"Syntellect Elektrikli Ara\u00e7 \u015earj \u0130stasyonu\" data-e-action-hash=\"#elementor-action%3Aaction%3Dlightbox%26settings%3DeyJpZCI6NDE0LCJ1cmwiOiJodHRwczpcL1wva29uc2FsdGVuZXJqaS5jb21cL3dwLWNvbnRlbnRcL3VwbG9hZHNcLzIwMjRcLzEyXC9TeW50ZWxsZWN0LUVsZWt0cmlrbGktQXJhYy1TYXJqLUlzdGFzeW9udS0xLTExLnBuZyIsInNsaWRlc2hvdyI6ImU2OTMzMzUifQ%3D%3D\" href=\"https:\/\/konsaltenerji.com\/wp-content\/uploads\/2024\/12\/Syntellect-Elektrikli-Arac-Sarj-Istasyonu-1-11.png\"><\/p>\n<figure><img decoding=\"async\" src=\"https:\/\/konsaltenerji.com\/wp-content\/uploads\/2024\/12\/Syntellect-Elektrikli-Arac-Sarj-Istasyonu-1-11-768x1365.png\" alt=\"Syntellect Elektrikli Ara\u00e7 \u015earj \u0130stasyonu\" \/><\/figure>\n<p><\/a><a data-elementor-open-lightbox=\"yes\" data-elementor-lightbox-slideshow=\"e693335\" data-elementor-lightbox-title=\"2 (2)\" data-e-action-hash=\"#elementor-action%3Aaction%3Dlightbox%26settings%3DeyJpZCI6MzkzLCJ1cmwiOiJodHRwczpcL1wva29uc2FsdGVuZXJqaS5jb21cL3dwLWNvbnRlbnRcL3VwbG9hZHNcLzIwMjRcLzEyXC8yLTItc2NhbGVkLmpwZyIsInNsaWRlc2hvdyI6ImU2OTMzMzUifQ%3D%3D\" href=\"https:\/\/konsaltenerji.com\/wp-content\/uploads\/2024\/12\/2-2-scaled.jpg\"><\/p>\n<figure><img decoding=\"async\" src=\"https:\/\/konsaltenerji.com\/wp-content\/uploads\/2024\/12\/2-2-768x1365.jpg\" alt=\"2 (2)\" \/><\/figure>\n<p><\/a><a data-elementor-open-lightbox=\"yes\" data-elementor-lightbox-slideshow=\"e693335\" data-elementor-lightbox-title=\"Syntellect Elektrikli Ara\u00e7 \u015earj \u0130stasyonu\" data-e-action-hash=\"#elementor-action%3Aaction%3Dlightbox%26settings%3DeyJpZCI6NDEwLCJ1cmwiOiJodHRwczpcL1wva29uc2FsdGVuZXJqaS5jb21cL3dwLWNvbnRlbnRcL3VwbG9hZHNcLzIwMjRcLzEyXC9TeW50ZWxsZWN0LUVsZWt0cmlrbGktQXJhYy1TYXJqLUlzdGFzeW9udS0xLTEzLXNjYWxlZC5qcGciLCJzbGlkZXNob3ciOiJlNjkzMzM1In0%3D\" href=\"https:\/\/konsaltenerji.com\/wp-content\/uploads\/2024\/12\/Syntellect-Elektrikli-Arac-Sarj-Istasyonu-1-13-scaled.jpg\"><\/p>\n<figure><img decoding=\"async\" src=\"https:\/\/konsaltenerji.com\/wp-content\/uploads\/2024\/12\/Syntellect-Elektrikli-Arac-Sarj-Istasyonu-1-13-768x1365.jpg\" alt=\"Syntellect Elektrikli Ara\u00e7 \u015earj \u0130stasyonu\" \/><\/figure>\n<p><\/a><a data-elementor-open-lightbox=\"yes\" data-elementor-lightbox-slideshow=\"e693335\" data-elementor-lightbox-title=\"Syntellect Elektrikli Ara\u00e7 \u015earj \u0130stasyonu\" data-e-action-hash=\"#elementor-action%3Aaction%3Dlightbox%26settings%3DeyJpZCI6Mzg5LCJ1cmwiOiJodHRwczpcL1wva29uc2FsdGVuZXJqaS5jb21cL3dwLWNvbnRlbnRcL3VwbG9hZHNcLzIwMjRcLzEyXC9TeW50ZWxsZWN0LUVsZWt0cmlrbGktQXJhYy1TYXJqLUlzdGFzeW9udS0xLTEtc2NhbGVkLmpwZyIsInNsaWRlc2hvdyI6ImU2OTMzMzUifQ%3D%3D\" href=\"https:\/\/konsaltenerji.com\/wp-content\/uploads\/2024\/12\/Syntellect-Elektrikli-Arac-Sarj-Istasyonu-1-1-scaled.jpg\"><\/p>\n<figure><img decoding=\"async\" src=\"https:\/\/konsaltenerji.com\/wp-content\/uploads\/2024\/12\/Syntellect-Elektrikli-Arac-Sarj-Istasyonu-1-1-768x1365.jpg\" alt=\"Syntellect Elektrikli Ara\u00e7 \u015earj \u0130stasyonu\" \/><\/figure>\n<p><\/a><a data-elementor-open-lightbox=\"yes\" data-elementor-lightbox-slideshow=\"e693335\" data-elementor-lightbox-title=\"Syntellect Elektrikli Ara\u00e7 \u015earj \u0130stasyonu\" data-e-action-hash=\"#elementor-action%3Aaction%3Dlightbox%26settings%3DeyJpZCI6NDE2LCJ1cmwiOiJodHRwczpcL1wva29uc2FsdGVuZXJqaS5jb21cL3dwLWNvbnRlbnRcL3VwbG9hZHNcLzIwMjRcLzEyXC9TeW50ZWxsZWN0LUVsZWt0cmlrbGktQXJhYy1TYXJqLUlzdGFzeW9udS0xLTE2LXNjYWxlZC5qcGciLCJzbGlkZXNob3ciOiJlNjkzMzM1In0%3D\" href=\"https:\/\/konsaltenerji.com\/wp-content\/uploads\/2024\/12\/Syntellect-Elektrikli-Arac-Sarj-Istasyonu-1-16-scaled.jpg\"><\/p>\n<figure><img decoding=\"async\" src=\"https:\/\/konsaltenerji.com\/wp-content\/uploads\/2024\/12\/Syntellect-Elektrikli-Arac-Sarj-Istasyonu-1-16-768x1365.jpg\" alt=\"Syntellect Elektrikli Ara\u00e7 \u015earj \u0130stasyonu\" \/><\/figure>\n<p><\/a><a data-elementor-open-lightbox=\"yes\" data-elementor-lightbox-slideshow=\"e693335\" data-elementor-lightbox-title=\"Syntellect Elektrikli Ara\u00e7 \u015earj \u0130stasyonu\" data-e-action-hash=\"#elementor-action%3Aaction%3Dlightbox%26settings%3DeyJpZCI6Mzg3LCJ1cmwiOiJodHRwczpcL1wva29uc2FsdGVuZXJqaS5jb21cL3dwLWNvbnRlbnRcL3VwbG9hZHNcLzIwMjRcLzEyXC9TeW50ZWxsZWN0LUVsZWt0cmlrbGktQXJhYy1TYXJqLUlzdGFzeW9udS0tc2NhbGVkLmpwZyIsInNsaWRlc2hvdyI6ImU2OTMzMzUifQ%3D%3D\" href=\"https:\/\/konsaltenerji.com\/wp-content\/uploads\/2024\/12\/Syntellect-Elektrikli-Arac-Sarj-Istasyonu--scaled.jpg\"><\/p>\n<figure><img decoding=\"async\" src=\"https:\/\/konsaltenerji.com\/wp-content\/uploads\/2024\/12\/Syntellect-Elektrikli-Arac-Sarj-Istasyonu--768x1365.jpg\" alt=\"Syntellect Elektrikli Ara\u00e7 \u015earj \u0130stasyonu\" \/><\/figure>\n<p><\/a><a data-elementor-open-lightbox=\"yes\" data-elementor-lightbox-slideshow=\"e693335\" data-elementor-lightbox-title=\"Syntellect Elektrikli Ara\u00e7 \u015earj \u0130stasyonu\" data-e-action-hash=\"#elementor-action%3Aaction%3Dlightbox%26settings%3DeyJpZCI6MzkyLCJ1cmwiOiJodHRwczpcL1wva29uc2FsdGVuZXJqaS5jb21cL3dwLWNvbnRlbnRcL3VwbG9hZHNcLzIwMjRcLzEyXC9TeW50ZWxsZWN0LUVsZWt0cmlrbGktQXJhYy1TYXJqLUlzdGFzeW9udS0xLTQtc2NhbGVkLmpwZyIsInNsaWRlc2hvdyI6ImU2OTMzMzUifQ%3D%3D\" href=\"https:\/\/konsaltenerji.com\/wp-content\/uploads\/2024\/12\/Syntellect-Elektrikli-Arac-Sarj-Istasyonu-1-4-scaled.jpg\"><\/p>\n<figure><img decoding=\"async\" src=\"https:\/\/konsaltenerji.com\/wp-content\/uploads\/2024\/12\/Syntellect-Elektrikli-Arac-Sarj-Istasyonu-1-4-768x1365.jpg\" alt=\"Syntellect Elektrikli Ara\u00e7 \u015earj \u0130stasyonu\" \/><\/figure>\n<p><\/a><a data-elementor-open-lightbox=\"yes\" data-elementor-lightbox-slideshow=\"e693335\" data-elementor-lightbox-title=\"Syntellect Elektrikli Ara\u00e7 \u015earj \u0130stasyonu\" data-e-action-hash=\"#elementor-action%3Aaction%3Dlightbox%26settings%3DeyJpZCI6Mzg2LCJ1cmwiOiJodHRwczpcL1wva29uc2FsdGVuZXJqaS5jb21cL3dwLWNvbnRlbnRcL3VwbG9hZHNcLzIwMjRcLzEyXC9TeW50ZWxsZWN0LUVsZWt0cmlrbGktQXJhYy1TYXJqLUlzdGFzeW9udS0ucG5nIiwic2xpZGVzaG93IjoiZTY5MzMzNSJ9\" href=\"https:\/\/konsaltenerji.com\/wp-content\/uploads\/2024\/12\/Syntellect-Elektrikli-Arac-Sarj-Istasyonu-.png\"><\/p>\n<figure><img decoding=\"async\" src=\"https:\/\/konsaltenerji.com\/wp-content\/uploads\/2024\/12\/Syntellect-Elektrikli-Arac-Sarj-Istasyonu--768x1365.png\" alt=\"Syntellect Elektrikli Ara\u00e7 \u015earj \u0130stasyonu\" \/><\/figure>\n<p><\/a><a data-elementor-open-lightbox=\"yes\" data-elementor-lightbox-slideshow=\"e693335\" data-elementor-lightbox-title=\"Syntellect Elektrikli Ara\u00e7 \u015earj \u0130stasyonu\" data-e-action-hash=\"#elementor-action%3Aaction%3Dlightbox%26settings%3DeyJpZCI6Mzk0LCJ1cmwiOiJodHRwczpcL1wva29uc2FsdGVuZXJqaS5jb21cL3dwLWNvbnRlbnRcL3VwbG9hZHNcLzIwMjRcLzEyXC9TeW50ZWxsZWN0LUVsZWt0cmlrbGktQXJhYy1TYXJqLUlzdGFzeW9udS0xLTUtc2NhbGVkLmpwZyIsInNsaWRlc2hvdyI6ImU2OTMzMzUifQ%3D%3D\" href=\"https:\/\/konsaltenerji.com\/wp-content\/uploads\/2024\/12\/Syntellect-Elektrikli-Arac-Sarj-Istasyonu-1-5-scaled.jpg\"><\/p>\n<figure><img decoding=\"async\" src=\"https:\/\/konsaltenerji.com\/wp-content\/uploads\/2024\/12\/Syntellect-Elektrikli-Arac-Sarj-Istasyonu-1-5-768x1365.jpg\" alt=\"Syntellect Elektrikli Ara\u00e7 \u015earj \u0130stasyonu\" \/><\/figure>\n<p><\/a><a data-elementor-open-lightbox=\"yes\" data-elementor-lightbox-slideshow=\"e693335\" data-elementor-lightbox-title=\"Syntellect Elektrikli Ara\u00e7 \u015earj \u0130stasyonu\" data-e-action-hash=\"#elementor-action%3Aaction%3Dlightbox%26settings%3DeyJpZCI6NDAxLCJ1cmwiOiJodHRwczpcL1wva29uc2FsdGVuZXJqaS5jb21cL3dwLWNvbnRlbnRcL3VwbG9hZHNcLzIwMjRcLzEyXC9TeW50ZWxsZWN0LUVsZWt0cmlrbGktQXJhYy1TYXJqLUlzdGFzeW9udS0xLTctc2NhbGVkLmpwZyIsInNsaWRlc2hvdyI6ImU2OTMzMzUifQ%3D%3D\" href=\"https:\/\/konsaltenerji.com\/wp-content\/uploads\/2024\/12\/Syntellect-Elektrikli-Arac-Sarj-Istasyonu-1-7-scaled.jpg\"><\/p>\n<figure><img decoding=\"async\" src=\"https:\/\/konsaltenerji.com\/wp-content\/uploads\/2024\/12\/Syntellect-Elektrikli-Arac-Sarj-Istasyonu-1-7-768x1365.jpg\" alt=\"Syntellect Elektrikli Ara\u00e7 \u015earj \u0130stasyonu\" \/><\/figure>\n<p><\/a><a data-elementor-open-lightbox=\"yes\" data-elementor-lightbox-slideshow=\"e693335\" data-elementor-lightbox-title=\"Syntellect Elektrikli Ara\u00e7 \u015earj \u0130stasyonu\" data-e-action-hash=\"#elementor-action%3Aaction%3Dlightbox%26settings%3DeyJpZCI6NDEzLCJ1cmwiOiJodHRwczpcL1wva29uc2FsdGVuZXJqaS5jb21cL3dwLWNvbnRlbnRcL3VwbG9hZHNcLzIwMjRcLzEyXC9TeW50ZWxsZWN0LUVsZWt0cmlrbGktQXJhYy1TYXJqLUlzdGFzeW9udS0xLTE0LXNjYWxlZC5qcGciLCJzbGlkZXNob3ciOiJlNjkzMzM1In0%3D\" href=\"https:\/\/konsaltenerji.com\/wp-content\/uploads\/2024\/12\/Syntellect-Elektrikli-Arac-Sarj-Istasyonu-1-14-scaled.jpg\"><\/p>\n<figure><img decoding=\"async\" src=\"https:\/\/konsaltenerji.com\/wp-content\/uploads\/2024\/12\/Syntellect-Elektrikli-Arac-Sarj-Istasyonu-1-14-768x1365.jpg\" alt=\"Syntellect Elektrikli Ara\u00e7 \u015earj \u0130stasyonu\" \/><\/figure>\n<p><\/a><a data-elementor-open-lightbox=\"yes\" data-elementor-lightbox-slideshow=\"e693335\" data-elementor-lightbox-title=\"Syntellect Elektrikli Ara\u00e7 \u015earj \u0130stasyonu\" data-e-action-hash=\"#elementor-action%3Aaction%3Dlightbox%26settings%3DeyJpZCI6NDA2LCJ1cmwiOiJodHRwczpcL1wva29uc2FsdGVuZXJqaS5jb21cL3dwLWNvbnRlbnRcL3VwbG9hZHNcLzIwMjRcLzEyXC9TeW50ZWxsZWN0LUVsZWt0cmlrbGktQXJhYy1TYXJqLUlzdGFzeW9udS0xLTYucG5nIiwic2xpZGVzaG93IjoiZTY5MzMzNSJ9\" href=\"https:\/\/konsaltenerji.com\/wp-content\/uploads\/2024\/12\/Syntellect-Elektrikli-Arac-Sarj-Istasyonu-1-6.png\"><\/p>\n<figure><img decoding=\"async\" src=\"https:\/\/konsaltenerji.com\/wp-content\/uploads\/2024\/12\/Syntellect-Elektrikli-Arac-Sarj-Istasyonu-1-6-768x1365.png\" alt=\"Syntellect Elektrikli Ara\u00e7 \u015earj \u0130stasyonu\" \/><\/figure>\n<p><\/a><a data-elementor-open-lightbox=\"yes\" data-elementor-lightbox-slideshow=\"e693335\" data-elementor-lightbox-title=\"Syntellect Elektrikli Ara\u00e7 \u015earj \u0130stasyonu\" data-e-action-hash=\"#elementor-action%3Aaction%3Dlightbox%26settings%3DeyJpZCI6NDExLCJ1cmwiOiJodHRwczpcL1wva29uc2FsdGVuZXJqaS5jb21cL3dwLWNvbnRlbnRcL3VwbG9hZHNcLzIwMjRcLzEyXC9TeW50ZWxsZWN0LUVsZWt0cmlrbGktQXJhYy1TYXJqLUlzdGFzeW9udS0xLTkucG5nIiwic2xpZGVzaG93IjoiZTY5MzMzNSJ9\" href=\"https:\/\/konsaltenerji.com\/wp-content\/uploads\/2024\/12\/Syntellect-Elektrikli-Arac-Sarj-Istasyonu-1-9.png\"><\/p>\n<figure><img decoding=\"async\" src=\"https:\/\/konsaltenerji.com\/wp-content\/uploads\/2024\/12\/Syntellect-Elektrikli-Arac-Sarj-Istasyonu-1-9-768x1365.png\" alt=\"Syntellect Elektrikli Ara\u00e7 \u015earj \u0130stasyonu\" \/><\/figure>\n<p><\/a><a data-elementor-open-lightbox=\"yes\" data-elementor-lightbox-slideshow=\"e693335\" data-elementor-lightbox-title=\"Syntellect Elektrikli Ara\u00e7 \u015earj \u0130stasyonu\" data-e-action-hash=\"#elementor-action%3Aaction%3Dlightbox%26settings%3DeyJpZCI6NDA4LCJ1cmwiOiJodHRwczpcL1wva29uc2FsdGVuZXJqaS5jb21cL3dwLWNvbnRlbnRcL3VwbG9hZHNcLzIwMjRcLzEyXC9TeW50ZWxsZWN0LUVsZWt0cmlrbGktQXJhYy1TYXJqLUlzdGFzeW9udS0xLTEyLXNjYWxlZC5qcGciLCJzbGlkZXNob3ciOiJlNjkzMzM1In0%3D\" href=\"https:\/\/konsaltenerji.com\/wp-content\/uploads\/2024\/12\/Syntellect-Elektrikli-Arac-Sarj-Istasyonu-1-12-scaled.jpg\"><\/p>\n<figure><img decoding=\"async\" src=\"https:\/\/konsaltenerji.com\/wp-content\/uploads\/2024\/12\/Syntellect-Elektrikli-Arac-Sarj-Istasyonu-1-12-768x1365.jpg\" alt=\"Syntellect Elektrikli Ara\u00e7 \u015earj \u0130stasyonu\" \/><\/figure>\n<p><\/a><a data-elementor-open-lightbox=\"yes\" data-elementor-lightbox-slideshow=\"e693335\" data-elementor-lightbox-title=\"Syntellect Elektrikli Ara\u00e7 \u015earj \u0130stasyonu\" data-e-action-hash=\"#elementor-action%3Aaction%3Dlightbox%26settings%3DeyJpZCI6NDA1LCJ1cmwiOiJodHRwczpcL1wva29uc2FsdGVuZXJqaS5jb21cL3dwLWNvbnRlbnRcL3VwbG9hZHNcLzIwMjRcLzEyXC9TeW50ZWxsZWN0LUVsZWt0cmlrbGktQXJhYy1TYXJqLUlzdGFzeW9udS0xLTExLmpwZyIsInNsaWRlc2hvdyI6ImU2OTMzMzUifQ%3D%3D\" href=\"https:\/\/konsaltenerji.com\/wp-content\/uploads\/2024\/12\/Syntellect-Elektrikli-Arac-Sarj-Istasyonu-1-11.jpg\"><\/p>\n<figure><img decoding=\"async\" src=\"https:\/\/konsaltenerji.com\/wp-content\/uploads\/2024\/12\/Syntellect-Elektrikli-Arac-Sarj-Istasyonu-1-11-768x768.jpg\" alt=\"Syntellect Elektrikli Ara\u00e7 \u015earj \u0130stasyonu\" \/><\/figure>\n<p><\/a><a data-elementor-open-lightbox=\"yes\" data-elementor-lightbox-slideshow=\"e693335\" data-elementor-lightbox-title=\"Syntellect Elektrikli Ara\u00e7 \u015earj \u0130stasyonu\" data-e-action-hash=\"#elementor-action%3Aaction%3Dlightbox%26settings%3DeyJpZCI6MzkxLCJ1cmwiOiJodHRwczpcL1wva29uc2FsdGVuZXJqaS5jb21cL3dwLWNvbnRlbnRcL3VwbG9hZHNcLzIwMjRcLzEyXC9TeW50ZWxsZWN0LUVsZWt0cmlrbGktQXJhYy1TYXJqLUlzdGFzeW9udS0xLTMtc2NhbGVkLmpwZyIsInNsaWRlc2hvdyI6ImU2OTMzMzUifQ%3D%3D\" href=\"https:\/\/konsaltenerji.com\/wp-content\/uploads\/2024\/12\/Syntellect-Elektrikli-Arac-Sarj-Istasyonu-1-3-scaled.jpg\"><\/p>\n<figure><img decoding=\"async\" src=\"https:\/\/konsaltenerji.com\/wp-content\/uploads\/2024\/12\/Syntellect-Elektrikli-Arac-Sarj-Istasyonu-1-3-768x1365.jpg\" alt=\"Syntellect Elektrikli Ara\u00e7 \u015earj \u0130stasyonu\" \/><\/figure>\n<p><\/a><a data-elementor-open-lightbox=\"yes\" data-elementor-lightbox-slideshow=\"e693335\" data-elementor-lightbox-title=\"Syntellect Elektrikli Ara\u00e7 \u015earj \u0130stasyonu\" data-e-action-hash=\"#elementor-action%3Aaction%3Dlightbox%26settings%3DeyJpZCI6Mzk5LCJ1cmwiOiJodHRwczpcL1wva29uc2FsdGVuZXJqaS5jb21cL3dwLWNvbnRlbnRcL3VwbG9hZHNcLzIwMjRcLzEyXC9TeW50ZWxsZWN0LUVsZWt0cmlrbGktQXJhYy1TYXJqLUlzdGFzeW9udS0xLTUucG5nIiwic2xpZGVzaG93IjoiZTY5MzMzNSJ9\" href=\"https:\/\/konsaltenerji.com\/wp-content\/uploads\/2024\/12\/Syntellect-Elektrikli-Arac-Sarj-Istasyonu-1-5.png\"><\/p>\n<figure><img decoding=\"async\" src=\"https:\/\/konsaltenerji.com\/wp-content\/uploads\/2024\/12\/Syntellect-Elektrikli-Arac-Sarj-Istasyonu-1-5-768x1365.png\" alt=\"Syntellect Elektrikli Ara\u00e7 \u015earj \u0130stasyonu\" \/><\/figure>\n<p><\/a><a data-elementor-open-lightbox=\"yes\" data-elementor-lightbox-slideshow=\"e693335\" data-elementor-lightbox-title=\"Syntellect Elektrikli Ara\u00e7 \u015earj \u0130stasyonu\" data-e-action-hash=\"#elementor-action%3Aaction%3Dlightbox%26settings%3DeyJpZCI6NDE3LCJ1cmwiOiJodHRwczpcL1wva29uc2FsdGVuZXJqaS5jb21cL3dwLWNvbnRlbnRcL3VwbG9hZHNcLzIwMjRcLzEyXC9TeW50ZWxsZWN0LUVsZWt0cmlrbGktQXJhYy1TYXJqLUlzdGFzeW9udS0xLTEyLnBuZyIsInNsaWRlc2hvdyI6ImU2OTMzMzUifQ%3D%3D\" href=\"https:\/\/konsaltenerji.com\/wp-content\/uploads\/2024\/12\/Syntellect-Elektrikli-Arac-Sarj-Istasyonu-1-12.png\"><\/p>\n<figure><img decoding=\"async\" src=\"https:\/\/konsaltenerji.com\/wp-content\/uploads\/2024\/12\/Syntellect-Elektrikli-Arac-Sarj-Istasyonu-1-12-768x1365.png\" alt=\"Syntellect Elektrikli Ara\u00e7 \u015earj \u0130stasyonu\" \/><\/figure>\n<p><\/a><br \/>\n\t\t\t\t\t\t<svg aria-hidden=\"true\" viewBox=\"0 0 1000 1000\" xmlns=\"http:\/\/www.w3.org\/2000\/svg\"><path d=\"M646 125C629 125 613 133 604 142L308 442C296 454 292 471 292 487 292 504 296 521 308 533L604 854C617 867 629 875 646 875 663 875 679 871 692 858 704 846 713 829 713 812 713 796 708 779 692 767L438 487 692 225C700 217 708 204 708 187 708 171 704 154 692 142 675 129 663 125 646 125Z\"><\/path><\/svg><br \/>\n\t\t\t\t\t\t<svg aria-hidden=\"true\" viewBox=\"0 0 1000 1000\" xmlns=\"http:\/\/www.w3.org\/2000\/svg\"><path d=\"M696 533C708 521 713 504 713 487 713 471 708 454 696 446L400 146C388 133 375 125 354 125 338 125 325 129 313 142 300 154 292 171 292 187 292 204 296 221 308 233L563 492 304 771C292 783 288 800 288 817 288 833 296 850 308 863 321 871 338 875 354 875 371 875 388 867 400 854L696 533Z\"><\/path><\/svg><\/p>\n","protected":false},"excerpt":{"rendered":"<p>SYNTELLECT ELEKTR\u0130KL\u0130 ARA\u00c7 \u015eARJ \u0130STASY0NLARI<\/p>\n","protected":false},"author":1,"featured_media":0,"parent":0,"menu_order":0,"comment_status":"closed","ping_status":"closed","template":"","meta":{"footnotes":""},"_links":{"self":[{"href":"https:\/\/konsaltenerji.com\/index.php\/wp-json\/wp\/v2\/pages\/328"}],"collection":[{"href":"https:\/\/konsaltenerji.com\/index.php\/wp-json\/wp\/v2\/pages"}],"about":[{"href":"https:\/\/konsaltenerji.com\/index.php\/wp-json\/wp\/v2\/types\/page"}],"author":[{"embeddable":true,"href":"https:\/\/konsaltenerji.com\/index.php\/wp-json\/wp\/v2\/users\/1"}],"replies":[{"embeddable":true,"href":"https:\/\/konsaltenerji.com\/index.php\/wp-json\/wp\/v2\/comments?post=328"}],"version-history":[{"count":13,"href":"https:\/\/konsaltenerji.com\/index.php\/wp-json\/wp\/v2\/pages\/328\/revisions"}],"predecessor-version":[{"id":421,"href":"https:\/\/konsaltenerji.com\/index.php\/wp-json\/wp\/v2\/pages\/328\/revisions\/421"}],"wp:attachment":[{"href":"https:\/\/konsaltenerji.com\/index.php\/wp-json\/wp\/v2\/media?parent=328"}],"curies":[{"name":"wp","href":"https:\/\/api.w.org\/{rel}","templated":true}]}}