{"id":7,"date":"2024-03-07T02:50:17","date_gmt":"2024-03-07T02:50:17","guid":{"rendered":"https:\/\/konsaltenerji.com\/?page_id=7"},"modified":"2024-12-02T10:45:50","modified_gmt":"2024-12-02T10:45:50","slug":"ana-sayfa","status":"publish","type":"page","link":"https:\/\/konsaltenerji.com\/","title":{"rendered":"Ana Sayfa"},"content":{"rendered":"<h1 data-animation=\"animated fadeInLeft\">G\u00fcne\u015f Enerji Sistemleri Kurulumu<\/h1>\n<h2 data-animation=\"animated fadeInRight\">Gelece\u011fin Yat\u0131r\u0131m\u0131n\u0131 Yap\u0131n!<\/h2>\n<p>\t\t\t\t\t\t\t\t\t\t\t\t\t\t\t\t\t<a\n\t\t\t\t\t\t\t\t\t\t\t\t\t\t\t\t\t\t\tdata-toggle=\"tooltip\" \n\t\t\t\t\t\t\t\t\t\ttitle=\"hemen\" \n\t\t\t\t\t\t\t\t\t\t\t\t\t\t\t\t\t\thref=\"tel:+905365166035\"\n\t\t\t\t\t\t\t\t\t\t\t\t\t\t\t\t\t\t><br \/>\n\t\t\t\t\t\t\t\t\t\t\t\t\u00dccret Bilgisi Al\t\t\t\t\t\t\t\t\t\t\t<\/a><br \/>\n\t\t\t\t\t\t\t\t\t\t\t\t\t\t\t\t\t<a\n\t\t\t\t\t\t\t\t\t\t\t\t\t\t\t\t\t\thref=\"https:\/\/konsaltenerji.com\/index.php\/hizmetlerimiz\/\"\n\t\t\t\t\t\t\t\t\t\t\t\t\t\t\t\t\t\t><br \/>\n\t\t\t\t\t\t\t\t\t\t\t\tHizmetlerimiz\t\t\t\t\t\t\t\t\t\t\t<\/a><\/p>\n<h1 data-animation=\"animated zoomIn\">AG &#038; OG Taahh\u00fct<\/h1>\n<h2 data-animation=\"animated zoomIn\">Hayalinizdeki Projeleri Ger\u00e7ekle\u015ftiriyoruz.<\/h2>\n<p>\t\t\t\t\t\t\t\t\t\t\t\t\t\t\t\t\t<a\n\t\t\t\t\t\t\t\t\t\t\t\t\t\t\t\t\t\t\tdata-toggle=\"tooltip\" \n\t\t\t\t\t\t\t\t\t\ttitle=\"hemen\" \n\t\t\t\t\t\t\t\t\t\t\t\t\t\t\t\t\t\thref=\"tel:+905365166035\"\n\t\t\t\t\t\t\t\t\t\t\t\t\t\t\t\t\t\t><br \/>\n\t\t\t\t\t\t\t\t\t\t\t\t\u00dccret Bilgisi Al\t\t\t\t\t\t\t\t\t\t\t<\/a><br \/>\n\t\t\t\t\t\t\t\t\t\t\t\t\t\t\t\t\t<a\n\t\t\t\t\t\t\t\t\t\t\t\t\t\t\t\t\t\thref=\"https:\/\/konsaltenerji.com\/index.php\/hizmetlerimiz\/\"\n\t\t\t\t\t\t\t\t\t\t\t\t\t\t\t\t\t\t><br \/>\n\t\t\t\t\t\t\t\t\t\t\t\tHizmetlerimiz\t\t\t\t\t\t\t\t\t\t\t<\/a><br \/>\n\t\t\t\t\t<!-- .sina-banner-slider --><\/p>\n<style>\/*! elementor - v3.19.0 - 28-02-2024 *\/\n.elementor-heading-title{padding:0;margin:0;line-height:1}.elementor-widget-heading .elementor-heading-title[class*=elementor-size-]>a{color:inherit;font-size:inherit;line-height:inherit}.elementor-widget-heading .elementor-heading-title.elementor-size-small{font-size:15px}.elementor-widget-heading .elementor-heading-title.elementor-size-medium{font-size:19px}.elementor-widget-heading .elementor-heading-title.elementor-size-large{font-size:29px}.elementor-widget-heading .elementor-heading-title.elementor-size-xl{font-size:39px}.elementor-widget-heading .elementor-heading-title.elementor-size-xxl{font-size:59px}<\/style>\n<h2>H\u0130ZMETLER\u0130M\u0130Z <\/h2>\n<h4>M\u00fc\u015fterilerimiz i\u00e7in Kaliteli Hizmetler Sunuyoruz..<\/h4>\n<h2>AG &#8211; OG Taahh\u00fct<\/h2>\n<h4>Elektrik Proje Anahtar Teslim<\/h4>\n<style>\/*! elementor - v3.19.0 - 28-02-2024 *\/\n.elementor-widget-image{text-align:center}.elementor-widget-image a{display:inline-block}.elementor-widget-image a img[src$=\".svg\"]{width:48px}.elementor-widget-image img{vertical-align:middle;display:inline-block}<\/style>\n<p>\t\t\t\t\t\t\t\t\t\t<img loading=\"lazy\" decoding=\"async\" width=\"800\" height=\"450\" src=\"https:\/\/konsaltenerji.com\/wp-content\/uploads\/2024\/03\/pexels-mike-bird-210018-1024x576.jpg\" alt=\"\" srcset=\"https:\/\/konsaltenerji.com\/wp-content\/uploads\/2024\/03\/pexels-mike-bird-210018-1024x576.jpg 1024w, https:\/\/konsaltenerji.com\/wp-content\/uploads\/2024\/03\/pexels-mike-bird-210018-300x169.jpg 300w, https:\/\/konsaltenerji.com\/wp-content\/uploads\/2024\/03\/pexels-mike-bird-210018-768x432.jpg 768w, https:\/\/konsaltenerji.com\/wp-content\/uploads\/2024\/03\/pexels-mike-bird-210018-1536x864.jpg 1536w, https:\/\/konsaltenerji.com\/wp-content\/uploads\/2024\/03\/pexels-mike-bird-210018.jpg 1920w\" sizes=\"(max-width: 800px) 100vw, 800px\" \/>\t\t\t\t\t\t\t\t\t\t\t\t\t<\/p>\n<h2>G\u00fcne\u015f Enerji Sistemleri<\/h2>\n<h4>GES \u00dczerine Her \u015eey..<\/h4>\n<p>\t\t\t\t\t\t\t\t\t\t\t\t\t<img loading=\"lazy\" decoding=\"async\" width=\"800\" height=\"534\" src=\"https:\/\/konsaltenerji.com\/wp-content\/uploads\/2024\/03\/913976531b.jpg\" alt=\"\" srcset=\"https:\/\/konsaltenerji.com\/wp-content\/uploads\/2024\/03\/913976531b.jpg 1000w, https:\/\/konsaltenerji.com\/wp-content\/uploads\/2024\/03\/913976531b-300x200.jpg 300w, https:\/\/konsaltenerji.com\/wp-content\/uploads\/2024\/03\/913976531b-768x512.jpg 768w\" sizes=\"(max-width: 800px) 100vw, 800px\" \/>\t\t\t\t\t\t\t\t\t\t\t\t\t<\/p>\n<h2><a href=\"https:\/\/konsaltenerji.com\/index.php\/syntellect\/\">\u015earj \u0130stasyonlar\u0131<\/a><\/h2>\n<h4>\u015earj \u0130stasyonlar\u0131 Kurulum<\/h4>\n<p>\t\t\t\t\t\t\t\t\t\t\t\t\t<img loading=\"lazy\" decoding=\"async\" width=\"298\" height=\"169\" src=\"https:\/\/konsaltenerji.com\/wp-content\/uploads\/2024\/03\/indir.jpg\" alt=\"\" \/>\t\t\t\t\t\t\t\t\t\t\t\t\t<\/p>\n<h2><a href=\"https:\/\/konsaltenerji.com\/index.php\/syntellect\/\">SYNTELLECT<\/a><\/h2>\n<h4>ELEKTR\u0130KL\u0130 ARA\u00c7 \u015eARJ \u0130STASYONU<\/h4>\n<style>\/*! elementor - v3.19.0 - 28-02-2024 *\/\n.elementor-widget-image-carousel .swiper,.elementor-widget-image-carousel .swiper-container{position:static}.elementor-widget-image-carousel .swiper-container .swiper-slide figure,.elementor-widget-image-carousel .swiper .swiper-slide figure{line-height:inherit}.elementor-widget-image-carousel .swiper-slide{text-align:center}.elementor-image-carousel-wrapper:not(.swiper-container-initialized):not(.swiper-initialized) .swiper-slide{max-width:calc(100% \/ var(--e-image-carousel-slides-to-show, 3))}<\/style>\n<figure><img decoding=\"async\" src=\"https:\/\/konsaltenerji.com\/wp-content\/uploads\/2024\/12\/Syntellect-Elektrikli-Arac-Sarj-Istasyonu-1-7-169x300.png\" alt=\"Syntellect Elektrikli Ara\u00e7 \u015earj \u0130stasyonu\" \/><\/figure>\n<figure><img decoding=\"async\" src=\"https:\/\/konsaltenerji.com\/wp-content\/uploads\/2024\/12\/Syntellect-Elektrikli-Arac-Sarj-Istasyonu-1-11-169x300.png\" alt=\"Syntellect Elektrikli Ara\u00e7 \u015earj \u0130stasyonu\" \/><\/figure>\n<figure><img decoding=\"async\" src=\"https:\/\/konsaltenerji.com\/wp-content\/uploads\/2024\/12\/2-2-169x300.jpg\" alt=\"2 (2)\" \/><\/figure>\n<figure><img decoding=\"async\" src=\"https:\/\/konsaltenerji.com\/wp-content\/uploads\/2024\/12\/Syntellect-Elektrikli-Arac-Sarj-Istasyonu-1-13-169x300.jpg\" alt=\"Syntellect Elektrikli Ara\u00e7 \u015earj \u0130stasyonu\" \/><\/figure>\n<figure><img decoding=\"async\" src=\"https:\/\/konsaltenerji.com\/wp-content\/uploads\/2024\/12\/Syntellect-Elektrikli-Arac-Sarj-Istasyonu-1-8-169x300.png\" alt=\"Syntellect Elektrikli Ara\u00e7 \u015earj \u0130stasyonu\" \/><\/figure>\n<figure><img decoding=\"async\" src=\"https:\/\/konsaltenerji.com\/wp-content\/uploads\/2024\/12\/Syntellect-Elektrikli-Arac-Sarj-Istasyonu-1-16-169x300.jpg\" alt=\"Syntellect Elektrikli Ara\u00e7 \u015earj \u0130stasyonu\" \/><\/figure>\n<figure><img decoding=\"async\" src=\"https:\/\/konsaltenerji.com\/wp-content\/uploads\/2024\/12\/Syntellect-Elektrikli-Arac-Sarj-Istasyonu--169x300.jpg\" alt=\"Syntellect Elektrikli Ara\u00e7 \u015earj \u0130stasyonu\" \/><\/figure>\n<figure><img decoding=\"async\" src=\"https:\/\/konsaltenerji.com\/wp-content\/uploads\/2024\/12\/Syntellect-Elektrikli-Arac-Sarj-Istasyonu-1-1-169x300.jpg\" alt=\"Syntellect Elektrikli Ara\u00e7 \u015earj \u0130stasyonu\" \/><\/figure>\n<figure><img decoding=\"async\" src=\"https:\/\/konsaltenerji.com\/wp-content\/uploads\/2024\/12\/Syntellect-Elektrikli-Arac-Sarj-Istasyonu-1-4-169x300.png\" alt=\"Syntellect Elektrikli Ara\u00e7 \u015earj \u0130stasyonu\" \/><\/figure>\n<figure><img decoding=\"async\" src=\"https:\/\/konsaltenerji.com\/wp-content\/uploads\/2024\/12\/Syntellect-Elektrikli-Arac-Sarj-Istasyonu-1-2-169x300.png\" alt=\"Syntellect Elektrikli Ara\u00e7 \u015earj \u0130stasyonu\" \/><\/figure>\n<figure><img decoding=\"async\" src=\"https:\/\/konsaltenerji.com\/wp-content\/uploads\/2024\/12\/Syntellect-Elektrikli-Arac-Sarj-Istasyonu-1-15-169x300.jpg\" alt=\"Syntellect Elektrikli Ara\u00e7 \u015earj \u0130stasyonu\" \/><\/figure>\n<figure><img decoding=\"async\" src=\"https:\/\/konsaltenerji.com\/wp-content\/uploads\/2024\/12\/Syntellect-Elektrikli-Arac-Sarj-Istasyonu--169x300.png\" alt=\"Syntellect Elektrikli Ara\u00e7 \u015earj \u0130stasyonu\" \/><\/figure>\n<figure><img decoding=\"async\" src=\"https:\/\/konsaltenerji.com\/wp-content\/uploads\/2024\/12\/Syntellect-Elektrikli-Arac-Sarj-Istasyonu-1-4-169x300.jpg\" alt=\"Syntellect Elektrikli Ara\u00e7 \u015earj \u0130stasyonu\" \/><\/figure>\n<figure><img decoding=\"async\" src=\"https:\/\/konsaltenerji.com\/wp-content\/uploads\/2024\/12\/Syntellect-Elektrikli-Arac-Sarj-Istasyonu-1-6-169x300.png\" alt=\"Syntellect Elektrikli Ara\u00e7 \u015earj \u0130stasyonu\" \/><\/figure>\n<figure><img decoding=\"async\" src=\"https:\/\/konsaltenerji.com\/wp-content\/uploads\/2024\/12\/Syntellect-Elektrikli-Arac-Sarj-Istasyonu-1-2-169x300.jpg\" alt=\"Syntellect Elektrikli Ara\u00e7 \u015earj \u0130stasyonu\" \/><\/figure>\n<figure><img decoding=\"async\" src=\"https:\/\/konsaltenerji.com\/wp-content\/uploads\/2024\/12\/Syntellect-Elektrikli-Arac-Sarj-Istasyonu-1-7-169x300.jpg\" alt=\"Syntellect Elektrikli Ara\u00e7 \u015earj \u0130stasyonu\" \/><\/figure>\n<figure><img decoding=\"async\" src=\"https:\/\/konsaltenerji.com\/wp-content\/uploads\/2024\/12\/Syntellect-Elektrikli-Arac-Sarj-Istasyonu-1-9-169x300.jpg\" alt=\"Syntellect Elektrikli Ara\u00e7 \u015earj \u0130stasyonu\" \/><\/figure>\n<figure><img decoding=\"async\" src=\"https:\/\/konsaltenerji.com\/wp-content\/uploads\/2024\/12\/Syntellect-Elektrikli-Arac-Sarj-Istasyonu-1-12-169x300.jpg\" alt=\"Syntellect Elektrikli Ara\u00e7 \u015earj \u0130stasyonu\" \/><\/figure>\n<figure><img decoding=\"async\" src=\"https:\/\/konsaltenerji.com\/wp-content\/uploads\/2024\/12\/Syntellect-Elektrikli-Arac-Sarj-Istasyonu-1-11-300x300.jpg\" alt=\"Syntellect Elektrikli Ara\u00e7 \u015earj \u0130stasyonu\" \/><\/figure>\n<figure><img decoding=\"async\" src=\"https:\/\/konsaltenerji.com\/wp-content\/uploads\/2024\/12\/Syntellect-Elektrikli-Arac-Sarj-Istasyonu-1-12-169x300.png\" alt=\"Syntellect Elektrikli Ara\u00e7 \u015earj \u0130stasyonu\" \/><\/figure>\n<figure><img decoding=\"async\" src=\"https:\/\/konsaltenerji.com\/wp-content\/uploads\/2024\/12\/Syntellect-Elektrikli-Arac-Sarj-Istasyonu-1-6-169x300.jpg\" alt=\"Syntellect Elektrikli Ara\u00e7 \u015earj \u0130stasyonu (\" \/><\/figure>\n<figure><img decoding=\"async\" src=\"https:\/\/konsaltenerji.com\/wp-content\/uploads\/2024\/12\/Syntellect-Elektrikli-Arac-Sarj-Istasyonu-1-3-169x300.jpg\" alt=\"Syntellect Elektrikli Ara\u00e7 \u015earj \u0130stasyonu\" \/><\/figure>\n<p>\t\t\t\t\t\t<svg aria-hidden=\"true\" viewBox=\"0 0 1000 1000\" xmlns=\"http:\/\/www.w3.org\/2000\/svg\"><path d=\"M646 125C629 125 613 133 604 142L308 442C296 454 292 471 292 487 292 504 296 521 308 533L604 854C617 867 629 875 646 875 663 875 679 871 692 858 704 846 713 829 713 812 713 796 708 779 692 767L438 487 692 225C700 217 708 204 708 187 708 171 704 154 692 142 675 129 663 125 646 125Z\"><\/path><\/svg><br \/>\n\t\t\t\t\t\t<svg aria-hidden=\"true\" viewBox=\"0 0 1000 1000\" xmlns=\"http:\/\/www.w3.org\/2000\/svg\"><path d=\"M696 533C708 521 713 504 713 487 713 471 708 454 696 446L400 146C388 133 375 125 354 125 338 125 325 129 313 142 300 154 292 171 292 187 292 204 296 221 308 233L563 492 304 771C292 783 288 800 288 817 288 833 296 850 308 863 321 871 338 875 354 875 371 875 388 867 400 854L696 533Z\"><\/path><\/svg><br \/>\n\t\t\t<a href=\"tel:+905365166035\"><br \/>\n\t\t\t\t<svg aria-hidden=\"true\" viewBox=\"0 0 512 512\" xmlns=\"http:\/\/www.w3.org\/2000\/svg\"><path d=\"M504 256C504 119 393 8 256 8S8 119 8 256s111 248 248 248 248-111 248-248zm-448 0c0-110.5 89.5-200 200-200s200 89.5 200 200-89.5 200-200 200S56 366.5 56 256zm72 20v-40c0-6.6 5.4-12 12-12h116v-67c0-10.7 12.9-16 20.5-8.5l99 99c4.7 4.7 4.7 12.3 0 17l-99 99c-7.6 7.6-20.5 2.2-20.5-8.5v-67H140c-6.6 0-12-5.4-12-12z\"><\/path><\/svg><br \/>\n\t\t\t\t\t\tDaha Fazlas\u0131 \u0130\u00e7in<br \/>\n\t\t\t\t\t<\/a><br \/>\n\t\t\t<svg aria-hidden=\"true\" viewBox=\"0 0 576 512\" xmlns=\"http:\/\/www.w3.org\/2000\/svg\"><path d=\"M280.37 148.26L96 300.11V464a16 16 0 0 0 16 16l112.06-.29a16 16 0 0 0 15.92-16V368a16 16 0 0 1 16-16h64a16 16 0 0 1 16 16v95.64a16 16 0 0 0 16 16.05L464 480a16 16 0 0 0 16-16V300L295.67 148.26a12.19 12.19 0 0 0-15.3 0zM571.6 251.47L488 182.56V44.05a12 12 0 0 0-12-12h-56a12 12 0 0 0-12 12v72.61L318.47 43a48 48 0 0 0-61 0L4.34 251.47a12 12 0 0 0-1.6 16.9l25.5 31A12 12 0 0 0 45.15 301l235.22-193.74a12.19 12.19 0 0 1 15.3 0L530.9 301a12 12 0 0 0 16.9-1.6l25.5-31a12 12 0 0 0-1.7-16.93z\"><\/path><\/svg>\t\t\t<\/p>\n<h2>OF\u0130S\u0130M\u0130Z\u0130 Z\u0130YARET ED\u0130N<\/h2>\n<h4>Fevzi\u00e7akmak Mah. Kenitra Cd. No:28\/I , 42100 Karatay\/Konya<\/h4>\n<p>\t\t\t<svg aria-hidden=\"true\" viewBox=\"0 0 512 512\" xmlns=\"http:\/\/www.w3.org\/2000\/svg\"><path d=\"M497.39 361.8l-112-48a24 24 0 0 0-28 6.9l-49.6 60.6A370.66 370.66 0 0 1 130.6 204.11l60.6-49.6a23.94 23.94 0 0 0 6.9-28l-48-112A24.16 24.16 0 0 0 122.6.61l-104 24A24 24 0 0 0 0 48c0 256.5 207.9 464 464 464a24 24 0 0 0 23.4-18.6l24-104a24.29 24.29 0 0 0-14.01-27.6z\"><\/path><\/svg>\t\t\t<\/p>\n<h2>B\u0130ZE ULA\u015eIN<\/h2>\n<h4>+905365166035<\/h4>\n","protected":false},"excerpt":{"rendered":"<p>G\u00fcne\u015f Enerji Sistemleri Kurulumu Gelece\u011fin Yat\u0131r\u0131m\u0131n\u0131 Yap\u0131n! \u00dccret Bilgisi Al Hizmetlerimiz AG &#038; OG Taahh\u00fct Hayalinizdeki Projeleri Ger\u00e7ekle\u015ftiriyoruz. \u00dccret Bilgisi Al Hizmetlerimiz H\u0130ZMETLER\u0130M\u0130Z M\u00fc\u015fterilerimiz i\u00e7in Kaliteli Hizmetler Sunuyoruz.. AG &#8211; OG Taahh\u00fct Elektrik Proje Anahtar Teslim G\u00fcne\u015f Enerji Sistemleri GES \u00dczerine Her \u015eey.. \u015earj \u0130stasyonlar\u0131 \u015earj \u0130stasyonlar\u0131 Kurulum SYNTELLECT ELEKTR\u0130KL\u0130 ARA\u00c7 \u015eARJ \u0130STASYONU Daha Fazlas\u0131 [&hellip;]<\/p>\n","protected":false},"author":1,"featured_media":0,"parent":0,"menu_order":0,"comment_status":"closed","ping_status":"closed","template":"","meta":{"footnotes":""},"_links":{"self":[{"href":"https:\/\/konsaltenerji.com\/index.php\/wp-json\/wp\/v2\/pages\/7"}],"collection":[{"href":"https:\/\/konsaltenerji.com\/index.php\/wp-json\/wp\/v2\/pages"}],"about":[{"href":"https:\/\/konsaltenerji.com\/index.php\/wp-json\/wp\/v2\/types\/page"}],"author":[{"embeddable":true,"href":"https:\/\/konsaltenerji.com\/index.php\/wp-json\/wp\/v2\/users\/1"}],"replies":[{"embeddable":true,"href":"https:\/\/konsaltenerji.com\/index.php\/wp-json\/wp\/v2\/comments?post=7"}],"version-history":[{"count":124,"href":"https:\/\/konsaltenerji.com\/index.php\/wp-json\/wp\/v2\/pages\/7\/revisions"}],"predecessor-version":[{"id":425,"href":"https:\/\/konsaltenerji.com\/index.php\/wp-json\/wp\/v2\/pages\/7\/revisions\/425"}],"wp:attachment":[{"href":"https:\/\/konsaltenerji.com\/index.php\/wp-json\/wp\/v2\/media?parent=7"}],"curies":[{"name":"wp","href":"https:\/\/api.w.org\/{rel}","templated":true}]}}